{"id":5,"date":"2024-03-02T19:46:33","date_gmt":"2024-03-02T18:46:33","guid":{"rendered":"https:\/\/3gsolutions.com.mx\/?page_id=5"},"modified":"2025-03-19T17:02:01","modified_gmt":"2025-03-19T16:02:01","slug":"inicio","status":"publish","type":"page","link":"https:\/\/3gsolutions.com.mx\/","title":{"rendered":"Inicio"},"content":{"rendered":"\n<div class=\"wp-block-columns is-layout-flex wp-container-core-columns-is-layout-9d6595d7 wp-block-columns-is-layout-flex\">\n<div class=\"wp-block-column is-layout-flow wp-block-column-is-layout-flow\">\n<div class=\"wp-block-group alignfull is-vertical is-layout-flex wp-container-core-group-is-layout-8cf370e7 wp-block-group-is-layout-flex\">\n<figure class=\"wp-block-image size-full\"><img loading=\"lazy\" decoding=\"async\" width=\"1800\" height=\"969\" src=\"https:\/\/3gsolutions.com.mx\/wp-content\/uploads\/2024\/07\/Negocios2.jpg\" alt=\"\" class=\"wp-image-357\" style=\"aspect-ratio:16\/9;object-fit:cover\" srcset=\"https:\/\/3gsolutions.com.mx\/wp-content\/uploads\/2024\/07\/Negocios2.jpg 1800w, https:\/\/3gsolutions.com.mx\/wp-content\/uploads\/2024\/07\/Negocios2-300x162.jpg 300w, https:\/\/3gsolutions.com.mx\/wp-content\/uploads\/2024\/07\/Negocios2-1024x551.jpg 1024w, https:\/\/3gsolutions.com.mx\/wp-content\/uploads\/2024\/07\/Negocios2-768x413.jpg 768w, https:\/\/3gsolutions.com.mx\/wp-content\/uploads\/2024\/07\/Negocios2-1536x827.jpg 1536w\" sizes=\"auto, (max-width: 1800px) 100vw, 1800px\" \/><\/figure>\n<\/div>\n\n\n\n<p class=\"has-foreground-color has-tertiary-background-color has-text-color has-background has-link-color wp-elements-0630ce64550b2e00f8a545eab8345ed6\">GLOBAL TECHNOLOGIES SOLUTIONS, S.A. DE C.V., le proporciona una amplia gama de productos y servicios innovadores<br>con calidad de importaci\u00f3n y exportaci\u00f3n, apoyando a las empresas para desarrollar su m\u00e1ximo potencial en el ramo<br>donde se desempe\u00f1an, siempre al alcance de su presupuesto y necesidades<\/p>\n<\/div>\n<\/div>\n\n\n\n<div class=\"wp-block-columns is-layout-flex wp-container-core-columns-is-layout-9d6595d7 wp-block-columns-is-layout-flex\">\n<div class=\"wp-block-column is-layout-flow wp-block-column-is-layout-flow\">\n<p class=\"has-text-align-center\">PRODUCTOS<\/p>\n\n\n<div class=\"wp-block-image\">\n<figure class=\"aligncenter size-full has-custom-border\"><a href=\"https:\/\/3gsolutions.com.mx\/?page_id=37\"><img loading=\"lazy\" decoding=\"async\" width=\"300\" height=\"300\" src=\"https:\/\/3gsolutions.com.mx\/wp-content\/uploads\/2024\/03\/collage_camiones.png\" alt=\"\" class=\"wp-image-23\" style=\"border-width:1px\" srcset=\"https:\/\/3gsolutions.com.mx\/wp-content\/uploads\/2024\/03\/collage_camiones.png 300w, https:\/\/3gsolutions.com.mx\/wp-content\/uploads\/2024\/03\/collage_camiones-150x150.png 150w\" sizes=\"auto, (max-width: 300px) 100vw, 300px\" \/><\/a><\/figure>\n<\/div><\/div>\n\n\n\n<div class=\"wp-block-column is-layout-flow wp-block-column-is-layout-flow\">\n<p class=\"has-text-align-center\">SERVICIOS<\/p>\n\n\n\n<figure class=\"wp-block-image size-full is-resized has-custom-border\"><a href=\"https:\/\/3gsolutions.com.mx\/?page_id=557\"><img loading=\"lazy\" decoding=\"async\" width=\"400\" height=\"400\" src=\"https:\/\/3gsolutions.com.mx\/wp-content\/uploads\/2024\/03\/collage_tecnologia.png\" alt=\"\" class=\"has-border-color has-tertiary-border-color wp-image-25\" style=\"border-width:1px;width:301px;height:auto\" srcset=\"https:\/\/3gsolutions.com.mx\/wp-content\/uploads\/2024\/03\/collage_tecnologia.png 400w, https:\/\/3gsolutions.com.mx\/wp-content\/uploads\/2024\/03\/collage_tecnologia-300x300.png 300w, https:\/\/3gsolutions.com.mx\/wp-content\/uploads\/2024\/03\/collage_tecnologia-150x150.png 150w\" sizes=\"auto, (max-width: 400px) 100vw, 400px\" \/><\/a><\/figure>\n<\/div>\n<\/div>\n\n\n\n<div class=\"wp-block-columns is-layout-flex wp-container-core-columns-is-layout-9d6595d7 wp-block-columns-is-layout-flex\">\n<div class=\"wp-block-column is-layout-flow wp-block-column-is-layout-flow\" style=\"flex-basis:50%\">\n<p class=\"has-text-align-center\">CONTACTO<\/p>\n\n\n<div class=\"wp-block-image\">\n<figure class=\"aligncenter size-full has-custom-border\"><a href=\"https:\/\/3gsolutions.com.mx\/?page_id=235\"><img loading=\"lazy\" decoding=\"async\" width=\"350\" height=\"518\" src=\"https:\/\/3gsolutions.com.mx\/wp-content\/uploads\/2024\/03\/contacto.png\" alt=\"\" class=\"has-border-color has-background-border-color wp-image-34\" srcset=\"https:\/\/3gsolutions.com.mx\/wp-content\/uploads\/2024\/03\/contacto.png 350w, https:\/\/3gsolutions.com.mx\/wp-content\/uploads\/2024\/03\/contacto-203x300.png 203w\" sizes=\"auto, (max-width: 350px) 100vw, 350px\" \/><\/a><\/figure>\n<\/div><\/div>\n\n\n\n<div class=\"wp-block-column is-layout-flow wp-block-column-is-layout-flow\" style=\"flex-basis:50%\"><div class=\"wp-block-image\">\n<figure class=\"alignleft size-full\"><a href=\"https:\/\/3gsolutions.com.mx\/wp-content\/uploads\/2025\/03\/CARTA-DE-PRESENTA.DE-3G-PAG_WEB.pdf\" target=\"_blank\" rel=\"noreferrer noopener\"><img loading=\"lazy\" decoding=\"async\" width=\"652\" height=\"619\" src=\"https:\/\/3gsolutions.com.mx\/wp-content\/uploads\/2024\/07\/CartadePresentacion.jpg\" alt=\"\" class=\"wp-image-561\" srcset=\"https:\/\/3gsolutions.com.mx\/wp-content\/uploads\/2024\/07\/CartadePresentacion.jpg 652w, https:\/\/3gsolutions.com.mx\/wp-content\/uploads\/2024\/07\/CartadePresentacion-300x285.jpg 300w\" sizes=\"auto, (max-width: 652px) 100vw, 652px\" \/><\/a><\/figure>\n<\/div><\/div>\n<\/div>\n\n\n\n<div class=\"wp-block-group alignfull\"><div class=\"wp-block-group__inner-container is-layout-constrained wp-block-group-is-layout-constrained\">\n<div class=\"wp-block-group alignfull has-background-color has-foreground-background-color has-text-color has-background has-link-color wp-elements-511d710d38963923ccda11f31a4ab2f5\" style=\"padding-top:var(--wp--custom--spacing--small, 1.25rem);padding-bottom:var(--wp--custom--spacing--small, 1.25rem)\"><div class=\"wp-block-group__inner-container is-layout-constrained wp-block-group-is-layout-constrained\">\n<p class=\"has-text-align-center\">Oficina: Metepec, M\u00e9xico C.P. 52167<br>Tel. Movil 722 330-06-04. Oficina: 722 219-44-00<br>3gsolutions.com.mx ventas@3gsolutions.com.mx atencionclientes@3gsolutions.com.mx<\/p>\n<\/div><\/div>\n<\/div><\/div>\n","protected":false},"excerpt":{"rendered":"<p>GLOBAL TECHNOLOGIES SOLUTIONS, S.A. DE C.V., le proporciona una amplia gama de productos y servicios innovadorescon calidad de importaci\u00f3n y exportaci\u00f3n, apoyando a las empresas&hellip;<\/p>\n","protected":false},"author":1,"featured_media":39,"parent":0,"menu_order":0,"comment_status":"closed","ping_status":"closed","template":"","meta":{"footnotes":""},"class_list":["post-5","page","type-page","status-publish","has-post-thumbnail","hentry"],"yoast_head":"<!-- This site is optimized with the Yoast SEO plugin v23.1 - https:\/\/yoast.com\/wordpress\/plugins\/seo\/ -->\n<title>Inicio - 3G solutions<\/title>\n<meta name=\"robots\" content=\"noindex, follow, max-snippet:-1, max-image-preview:large, max-video-preview:-1\" \/>\n<meta property=\"og:locale\" content=\"en_US\" \/>\n<meta property=\"og:type\" content=\"article\" \/>\n<meta property=\"og:title\" content=\"Inicio - 3G solutions\" \/>\n<meta property=\"og:description\" content=\"GLOBAL TECHNOLOGIES SOLUTIONS, S.A. DE C.V., le proporciona una amplia gama de productos y servicios innovadorescon calidad de importaci\u00f3n y exportaci\u00f3n, apoyando a las empresas&hellip;\" \/>\n<meta property=\"og:url\" content=\"https:\/\/3gsolutions.com.mx\/\" \/>\n<meta property=\"og:site_name\" content=\"3G solutions\" \/>\n<meta property=\"article:modified_time\" content=\"2025-03-19T16:02:01+00:00\" \/>\n<meta property=\"og:image\" content=\"https:\/\/3gsolutions.com.mx\/wp-content\/uploads\/2024\/03\/logo_mundo_alpha.png\" \/>\n\t<meta property=\"og:image:width\" content=\"936\" \/>\n\t<meta property=\"og:image:height\" content=\"200\" \/>\n\t<meta property=\"og:image:type\" content=\"image\/png\" \/>\n<meta name=\"twitter:card\" content=\"summary_large_image\" \/>\n<meta name=\"twitter:label1\" content=\"Est. reading time\" \/>\n\t<meta name=\"twitter:data1\" content=\"2 minutes\" \/>\n<script type=\"application\/ld+json\" class=\"yoast-schema-graph\">{\"@context\":\"https:\/\/schema.org\",\"@graph\":[{\"@type\":\"WebPage\",\"@id\":\"https:\/\/3gsolutions.com.mx\/\",\"url\":\"https:\/\/3gsolutions.com.mx\/\",\"name\":\"Inicio - 3G solutions\",\"isPartOf\":{\"@id\":\"https:\/\/3gsolutions.com.mx\/#website\"},\"primaryImageOfPage\":{\"@id\":\"https:\/\/3gsolutions.com.mx\/#primaryimage\"},\"image\":{\"@id\":\"https:\/\/3gsolutions.com.mx\/#primaryimage\"},\"thumbnailUrl\":\"https:\/\/3gsolutions.com.mx\/wp-content\/uploads\/2024\/03\/logo_mundo_alpha.png\",\"datePublished\":\"2024-03-02T18:46:33+00:00\",\"dateModified\":\"2025-03-19T16:02:01+00:00\",\"breadcrumb\":{\"@id\":\"https:\/\/3gsolutions.com.mx\/#breadcrumb\"},\"inLanguage\":\"en-US\",\"potentialAction\":[{\"@type\":\"ReadAction\",\"target\":[\"https:\/\/3gsolutions.com.mx\/\"]}]},{\"@type\":\"ImageObject\",\"inLanguage\":\"en-US\",\"@id\":\"https:\/\/3gsolutions.com.mx\/#primaryimage\",\"url\":\"https:\/\/3gsolutions.com.mx\/wp-content\/uploads\/2024\/03\/logo_mundo_alpha.png\",\"contentUrl\":\"https:\/\/3gsolutions.com.mx\/wp-content\/uploads\/2024\/03\/logo_mundo_alpha.png\",\"width\":936,\"height\":200},{\"@type\":\"BreadcrumbList\",\"@id\":\"https:\/\/3gsolutions.com.mx\/#breadcrumb\",\"itemListElement\":[{\"@type\":\"ListItem\",\"position\":1,\"name\":\"Home\",\"item\":\"https:\/\/3gsolutions.com.mx\/\"},{\"@type\":\"ListItem\",\"position\":2,\"name\":\"Inicio\"}]},{\"@type\":\"WebSite\",\"@id\":\"https:\/\/3gsolutions.com.mx\/#website\",\"url\":\"https:\/\/3gsolutions.com.mx\/\",\"name\":\"3G solutions\",\"description\":\"Equipo Industrial\",\"publisher\":{\"@id\":\"https:\/\/3gsolutions.com.mx\/#organization\"},\"potentialAction\":[{\"@type\":\"SearchAction\",\"target\":{\"@type\":\"EntryPoint\",\"urlTemplate\":\"https:\/\/3gsolutions.com.mx\/?s={search_term_string}\"},\"query-input\":\"required name=search_term_string\"}],\"inLanguage\":\"en-US\"},{\"@type\":\"Organization\",\"@id\":\"https:\/\/3gsolutions.com.mx\/#organization\",\"name\":\"3G solutions\",\"url\":\"https:\/\/3gsolutions.com.mx\/\",\"logo\":{\"@type\":\"ImageObject\",\"inLanguage\":\"en-US\",\"@id\":\"https:\/\/3gsolutions.com.mx\/#\/schema\/logo\/image\/\",\"url\":\"https:\/\/3gsolutions.com.mx\/wp-content\/uploads\/2024\/07\/cropped-Logo-3gSoluctionsm.png\",\"contentUrl\":\"https:\/\/3gsolutions.com.mx\/wp-content\/uploads\/2024\/07\/cropped-Logo-3gSoluctionsm.png\",\"width\":184,\"height\":150,\"caption\":\"3G solutions\"},\"image\":{\"@id\":\"https:\/\/3gsolutions.com.mx\/#\/schema\/logo\/image\/\"}}]}<\/script>\n<!-- \/ Yoast SEO plugin. -->","yoast_head_json":{"title":"Inicio - 3G solutions","robots":{"index":"noindex","follow":"follow","max-snippet":"max-snippet:-1","max-image-preview":"max-image-preview:large","max-video-preview":"max-video-preview:-1"},"og_locale":"en_US","og_type":"article","og_title":"Inicio - 3G solutions","og_description":"GLOBAL TECHNOLOGIES SOLUTIONS, S.A. DE C.V., le proporciona una amplia gama de productos y servicios innovadorescon calidad de importaci\u00f3n y exportaci\u00f3n, apoyando a las empresas&hellip;","og_url":"https:\/\/3gsolutions.com.mx\/","og_site_name":"3G solutions","article_modified_time":"2025-03-19T16:02:01+00:00","og_image":[{"width":936,"height":200,"url":"https:\/\/3gsolutions.com.mx\/wp-content\/uploads\/2024\/03\/logo_mundo_alpha.png","type":"image\/png"}],"twitter_card":"summary_large_image","twitter_misc":{"Est. reading time":"2 minutes"},"schema":{"@context":"https:\/\/schema.org","@graph":[{"@type":"WebPage","@id":"https:\/\/3gsolutions.com.mx\/","url":"https:\/\/3gsolutions.com.mx\/","name":"Inicio - 3G solutions","isPartOf":{"@id":"https:\/\/3gsolutions.com.mx\/#website"},"primaryImageOfPage":{"@id":"https:\/\/3gsolutions.com.mx\/#primaryimage"},"image":{"@id":"https:\/\/3gsolutions.com.mx\/#primaryimage"},"thumbnailUrl":"https:\/\/3gsolutions.com.mx\/wp-content\/uploads\/2024\/03\/logo_mundo_alpha.png","datePublished":"2024-03-02T18:46:33+00:00","dateModified":"2025-03-19T16:02:01+00:00","breadcrumb":{"@id":"https:\/\/3gsolutions.com.mx\/#breadcrumb"},"inLanguage":"en-US","potentialAction":[{"@type":"ReadAction","target":["https:\/\/3gsolutions.com.mx\/"]}]},{"@type":"ImageObject","inLanguage":"en-US","@id":"https:\/\/3gsolutions.com.mx\/#primaryimage","url":"https:\/\/3gsolutions.com.mx\/wp-content\/uploads\/2024\/03\/logo_mundo_alpha.png","contentUrl":"https:\/\/3gsolutions.com.mx\/wp-content\/uploads\/2024\/03\/logo_mundo_alpha.png","width":936,"height":200},{"@type":"BreadcrumbList","@id":"https:\/\/3gsolutions.com.mx\/#breadcrumb","itemListElement":[{"@type":"ListItem","position":1,"name":"Home","item":"https:\/\/3gsolutions.com.mx\/"},{"@type":"ListItem","position":2,"name":"Inicio"}]},{"@type":"WebSite","@id":"https:\/\/3gsolutions.com.mx\/#website","url":"https:\/\/3gsolutions.com.mx\/","name":"3G solutions","description":"Equipo Industrial","publisher":{"@id":"https:\/\/3gsolutions.com.mx\/#organization"},"potentialAction":[{"@type":"SearchAction","target":{"@type":"EntryPoint","urlTemplate":"https:\/\/3gsolutions.com.mx\/?s={search_term_string}"},"query-input":"required name=search_term_string"}],"inLanguage":"en-US"},{"@type":"Organization","@id":"https:\/\/3gsolutions.com.mx\/#organization","name":"3G solutions","url":"https:\/\/3gsolutions.com.mx\/","logo":{"@type":"ImageObject","inLanguage":"en-US","@id":"https:\/\/3gsolutions.com.mx\/#\/schema\/logo\/image\/","url":"https:\/\/3gsolutions.com.mx\/wp-content\/uploads\/2024\/07\/cropped-Logo-3gSoluctionsm.png","contentUrl":"https:\/\/3gsolutions.com.mx\/wp-content\/uploads\/2024\/07\/cropped-Logo-3gSoluctionsm.png","width":184,"height":150,"caption":"3G solutions"},"image":{"@id":"https:\/\/3gsolutions.com.mx\/#\/schema\/logo\/image\/"}}]}},"_links":{"self":[{"href":"https:\/\/3gsolutions.com.mx\/index.php?rest_route=\/wp\/v2\/pages\/5","targetHints":{"allow":["GET"]}}],"collection":[{"href":"https:\/\/3gsolutions.com.mx\/index.php?rest_route=\/wp\/v2\/pages"}],"about":[{"href":"https:\/\/3gsolutions.com.mx\/index.php?rest_route=\/wp\/v2\/types\/page"}],"author":[{"embeddable":true,"href":"https:\/\/3gsolutions.com.mx\/index.php?rest_route=\/wp\/v2\/users\/1"}],"replies":[{"embeddable":true,"href":"https:\/\/3gsolutions.com.mx\/index.php?rest_route=%2Fwp%2Fv2%2Fcomments&post=5"}],"version-history":[{"count":48,"href":"https:\/\/3gsolutions.com.mx\/index.php?rest_route=\/wp\/v2\/pages\/5\/revisions"}],"predecessor-version":[{"id":671,"href":"https:\/\/3gsolutions.com.mx\/index.php?rest_route=\/wp\/v2\/pages\/5\/revisions\/671"}],"wp:featuredmedia":[{"embeddable":true,"href":"https:\/\/3gsolutions.com.mx\/index.php?rest_route=\/wp\/v2\/media\/39"}],"wp:attachment":[{"href":"https:\/\/3gsolutions.com.mx\/index.php?rest_route=%2Fwp%2Fv2%2Fmedia&parent=5"}],"curies":[{"name":"wp","href":"https:\/\/api.w.org\/{rel}","templated":true}]}}