{"id":454,"date":"2024-07-11T04:21:28","date_gmt":"2024-07-11T02:21:28","guid":{"rendered":"https:\/\/3gsolutions.com.mx\/?page_id=454"},"modified":"2025-03-14T03:40:40","modified_gmt":"2025-03-14T02:40:40","slug":"compactadores-fijos","status":"publish","type":"page","link":"https:\/\/3gsolutions.com.mx\/?page_id=454","title":{"rendered":"COMPACTADORES FIJOS Y CARTUCHOS"},"content":{"rendered":"\n<div class=\"wp-block-columns is-layout-flex wp-container-core-columns-is-layout-9d6595d7 wp-block-columns-is-layout-flex\">\n<div class=\"wp-block-column is-layout-flow wp-block-column-is-layout-flow\">\n<figure class=\"wp-block-image alignfull size-full\"><img loading=\"lazy\" decoding=\"async\" width=\"567\" height=\"516\" src=\"https:\/\/3gsolutions.com.mx\/wp-content\/uploads\/2024\/07\/Cartuchos.png\" alt=\"\" class=\"wp-image-500\" srcset=\"https:\/\/3gsolutions.com.mx\/wp-content\/uploads\/2024\/07\/Cartuchos.png 567w, https:\/\/3gsolutions.com.mx\/wp-content\/uploads\/2024\/07\/Cartuchos-300x273.png 300w\" sizes=\"auto, (max-width: 567px) 100vw, 567px\" \/><\/figure>\n\n\n\n<p>Ya que nuestra basura tiene otro tipo de compactaci\u00f3n, la manufacturaci\u00f3n tiene como objetivo disponer de la tecnolog\u00eda dentro de la producci\u00f3n.<\/p>\n<\/div>\n\n\n\n<div class=\"wp-block-column is-layout-flow wp-block-column-is-layout-flow\">\n<figure class=\"wp-block-image size-full\"><a href=\"https:\/\/3gsolutions.com.mx\/wp-content\/uploads\/2025\/03\/COMPACTADORES-FIJOS-HORIZONTALES-Y-CARTUCHOS.pdf\"><img loading=\"lazy\" decoding=\"async\" width=\"652\" height=\"619\" src=\"https:\/\/3gsolutions.com.mx\/wp-content\/uploads\/2024\/07\/icono_catalogo_1b.jpg\" alt=\"\" class=\"wp-image-360\" srcset=\"https:\/\/3gsolutions.com.mx\/wp-content\/uploads\/2024\/07\/icono_catalogo_1b.jpg 652w, https:\/\/3gsolutions.com.mx\/wp-content\/uploads\/2024\/07\/icono_catalogo_1b-300x285.jpg 300w\" sizes=\"auto, (max-width: 652px) 100vw, 652px\" \/><\/a><\/figure>\n<\/div>\n<\/div>\n","protected":false},"excerpt":{"rendered":"<p>Ya que nuestra basura tiene otro tipo de compactaci\u00f3n, la manufacturaci\u00f3n tiene como objetivo disponer de la tecnolog\u00eda dentro de la producci\u00f3n.<\/p>\n","protected":false},"author":1,"featured_media":0,"parent":0,"menu_order":0,"comment_status":"closed","ping_status":"closed","template":"","meta":{"footnotes":""},"class_list":["post-454","page","type-page","status-publish","hentry"],"yoast_head":"<!-- This site is optimized with the Yoast SEO plugin v23.1 - https:\/\/yoast.com\/wordpress\/plugins\/seo\/ -->\n<title>COMPACTADORES FIJOS Y CARTUCHOS - 3G solutions<\/title>\n<meta name=\"robots\" content=\"noindex, follow, max-snippet:-1, max-image-preview:large, max-video-preview:-1\" \/>\n<meta property=\"og:locale\" content=\"en_US\" \/>\n<meta property=\"og:type\" content=\"article\" \/>\n<meta property=\"og:title\" content=\"COMPACTADORES FIJOS Y CARTUCHOS - 3G solutions\" \/>\n<meta property=\"og:description\" content=\"Ya que nuestra basura tiene otro tipo de compactaci\u00f3n, la manufacturaci\u00f3n tiene como objetivo disponer de la tecnolog\u00eda dentro de la producci\u00f3n.\" \/>\n<meta property=\"og:url\" content=\"https:\/\/3gsolutions.com.mx\/?page_id=454\" \/>\n<meta property=\"og:site_name\" content=\"3G solutions\" \/>\n<meta property=\"article:modified_time\" content=\"2025-03-14T02:40:40+00:00\" \/>\n<meta property=\"og:image\" content=\"https:\/\/3gsolutions.com.mx\/wp-content\/uploads\/2024\/07\/Cartuchos.png\" \/>\n<meta name=\"twitter:card\" content=\"summary_large_image\" \/>\n<meta name=\"twitter:label1\" content=\"Est. reading time\" \/>\n\t<meta name=\"twitter:data1\" content=\"1 minute\" \/>\n<script type=\"application\/ld+json\" class=\"yoast-schema-graph\">{\"@context\":\"https:\/\/schema.org\",\"@graph\":[{\"@type\":\"WebPage\",\"@id\":\"https:\/\/3gsolutions.com.mx\/?page_id=454\",\"url\":\"https:\/\/3gsolutions.com.mx\/?page_id=454\",\"name\":\"COMPACTADORES FIJOS Y CARTUCHOS - 3G solutions\",\"isPartOf\":{\"@id\":\"https:\/\/3gsolutions.com.mx\/#website\"},\"primaryImageOfPage\":{\"@id\":\"https:\/\/3gsolutions.com.mx\/?page_id=454#primaryimage\"},\"image\":{\"@id\":\"https:\/\/3gsolutions.com.mx\/?page_id=454#primaryimage\"},\"thumbnailUrl\":\"https:\/\/3gsolutions.com.mx\/wp-content\/uploads\/2024\/07\/Cartuchos.png\",\"datePublished\":\"2024-07-11T02:21:28+00:00\",\"dateModified\":\"2025-03-14T02:40:40+00:00\",\"breadcrumb\":{\"@id\":\"https:\/\/3gsolutions.com.mx\/?page_id=454#breadcrumb\"},\"inLanguage\":\"en-US\",\"potentialAction\":[{\"@type\":\"ReadAction\",\"target\":[\"https:\/\/3gsolutions.com.mx\/?page_id=454\"]}]},{\"@type\":\"ImageObject\",\"inLanguage\":\"en-US\",\"@id\":\"https:\/\/3gsolutions.com.mx\/?page_id=454#primaryimage\",\"url\":\"https:\/\/3gsolutions.com.mx\/wp-content\/uploads\/2024\/07\/Cartuchos.png\",\"contentUrl\":\"https:\/\/3gsolutions.com.mx\/wp-content\/uploads\/2024\/07\/Cartuchos.png\",\"width\":567,\"height\":516},{\"@type\":\"BreadcrumbList\",\"@id\":\"https:\/\/3gsolutions.com.mx\/?page_id=454#breadcrumb\",\"itemListElement\":[{\"@type\":\"ListItem\",\"position\":1,\"name\":\"Home\",\"item\":\"https:\/\/3gsolutions.com.mx\/\"},{\"@type\":\"ListItem\",\"position\":2,\"name\":\"COMPACTADORES FIJOS Y CARTUCHOS\"}]},{\"@type\":\"WebSite\",\"@id\":\"https:\/\/3gsolutions.com.mx\/#website\",\"url\":\"https:\/\/3gsolutions.com.mx\/\",\"name\":\"3G solutions\",\"description\":\"Equipo Industrial\",\"publisher\":{\"@id\":\"https:\/\/3gsolutions.com.mx\/#organization\"},\"potentialAction\":[{\"@type\":\"SearchAction\",\"target\":{\"@type\":\"EntryPoint\",\"urlTemplate\":\"https:\/\/3gsolutions.com.mx\/?s={search_term_string}\"},\"query-input\":\"required name=search_term_string\"}],\"inLanguage\":\"en-US\"},{\"@type\":\"Organization\",\"@id\":\"https:\/\/3gsolutions.com.mx\/#organization\",\"name\":\"3G solutions\",\"url\":\"https:\/\/3gsolutions.com.mx\/\",\"logo\":{\"@type\":\"ImageObject\",\"inLanguage\":\"en-US\",\"@id\":\"https:\/\/3gsolutions.com.mx\/#\/schema\/logo\/image\/\",\"url\":\"https:\/\/3gsolutions.com.mx\/wp-content\/uploads\/2024\/07\/cropped-Logo-3gSoluctionsm.png\",\"contentUrl\":\"https:\/\/3gsolutions.com.mx\/wp-content\/uploads\/2024\/07\/cropped-Logo-3gSoluctionsm.png\",\"width\":184,\"height\":150,\"caption\":\"3G solutions\"},\"image\":{\"@id\":\"https:\/\/3gsolutions.com.mx\/#\/schema\/logo\/image\/\"}}]}<\/script>\n<!-- \/ Yoast SEO plugin. -->","yoast_head_json":{"title":"COMPACTADORES FIJOS Y CARTUCHOS - 3G solutions","robots":{"index":"noindex","follow":"follow","max-snippet":"max-snippet:-1","max-image-preview":"max-image-preview:large","max-video-preview":"max-video-preview:-1"},"og_locale":"en_US","og_type":"article","og_title":"COMPACTADORES FIJOS Y CARTUCHOS - 3G solutions","og_description":"Ya que nuestra basura tiene otro tipo de compactaci\u00f3n, la manufacturaci\u00f3n tiene como objetivo disponer de la tecnolog\u00eda dentro de la producci\u00f3n.","og_url":"https:\/\/3gsolutions.com.mx\/?page_id=454","og_site_name":"3G solutions","article_modified_time":"2025-03-14T02:40:40+00:00","og_image":[{"url":"https:\/\/3gsolutions.com.mx\/wp-content\/uploads\/2024\/07\/Cartuchos.png"}],"twitter_card":"summary_large_image","twitter_misc":{"Est. reading time":"1 minute"},"schema":{"@context":"https:\/\/schema.org","@graph":[{"@type":"WebPage","@id":"https:\/\/3gsolutions.com.mx\/?page_id=454","url":"https:\/\/3gsolutions.com.mx\/?page_id=454","name":"COMPACTADORES FIJOS Y CARTUCHOS - 3G solutions","isPartOf":{"@id":"https:\/\/3gsolutions.com.mx\/#website"},"primaryImageOfPage":{"@id":"https:\/\/3gsolutions.com.mx\/?page_id=454#primaryimage"},"image":{"@id":"https:\/\/3gsolutions.com.mx\/?page_id=454#primaryimage"},"thumbnailUrl":"https:\/\/3gsolutions.com.mx\/wp-content\/uploads\/2024\/07\/Cartuchos.png","datePublished":"2024-07-11T02:21:28+00:00","dateModified":"2025-03-14T02:40:40+00:00","breadcrumb":{"@id":"https:\/\/3gsolutions.com.mx\/?page_id=454#breadcrumb"},"inLanguage":"en-US","potentialAction":[{"@type":"ReadAction","target":["https:\/\/3gsolutions.com.mx\/?page_id=454"]}]},{"@type":"ImageObject","inLanguage":"en-US","@id":"https:\/\/3gsolutions.com.mx\/?page_id=454#primaryimage","url":"https:\/\/3gsolutions.com.mx\/wp-content\/uploads\/2024\/07\/Cartuchos.png","contentUrl":"https:\/\/3gsolutions.com.mx\/wp-content\/uploads\/2024\/07\/Cartuchos.png","width":567,"height":516},{"@type":"BreadcrumbList","@id":"https:\/\/3gsolutions.com.mx\/?page_id=454#breadcrumb","itemListElement":[{"@type":"ListItem","position":1,"name":"Home","item":"https:\/\/3gsolutions.com.mx\/"},{"@type":"ListItem","position":2,"name":"COMPACTADORES FIJOS Y CARTUCHOS"}]},{"@type":"WebSite","@id":"https:\/\/3gsolutions.com.mx\/#website","url":"https:\/\/3gsolutions.com.mx\/","name":"3G solutions","description":"Equipo Industrial","publisher":{"@id":"https:\/\/3gsolutions.com.mx\/#organization"},"potentialAction":[{"@type":"SearchAction","target":{"@type":"EntryPoint","urlTemplate":"https:\/\/3gsolutions.com.mx\/?s={search_term_string}"},"query-input":"required name=search_term_string"}],"inLanguage":"en-US"},{"@type":"Organization","@id":"https:\/\/3gsolutions.com.mx\/#organization","name":"3G solutions","url":"https:\/\/3gsolutions.com.mx\/","logo":{"@type":"ImageObject","inLanguage":"en-US","@id":"https:\/\/3gsolutions.com.mx\/#\/schema\/logo\/image\/","url":"https:\/\/3gsolutions.com.mx\/wp-content\/uploads\/2024\/07\/cropped-Logo-3gSoluctionsm.png","contentUrl":"https:\/\/3gsolutions.com.mx\/wp-content\/uploads\/2024\/07\/cropped-Logo-3gSoluctionsm.png","width":184,"height":150,"caption":"3G solutions"},"image":{"@id":"https:\/\/3gsolutions.com.mx\/#\/schema\/logo\/image\/"}}]}},"_links":{"self":[{"href":"https:\/\/3gsolutions.com.mx\/index.php?rest_route=\/wp\/v2\/pages\/454","targetHints":{"allow":["GET"]}}],"collection":[{"href":"https:\/\/3gsolutions.com.mx\/index.php?rest_route=\/wp\/v2\/pages"}],"about":[{"href":"https:\/\/3gsolutions.com.mx\/index.php?rest_route=\/wp\/v2\/types\/page"}],"author":[{"embeddable":true,"href":"https:\/\/3gsolutions.com.mx\/index.php?rest_route=\/wp\/v2\/users\/1"}],"replies":[{"embeddable":true,"href":"https:\/\/3gsolutions.com.mx\/index.php?rest_route=%2Fwp%2Fv2%2Fcomments&post=454"}],"version-history":[{"count":5,"href":"https:\/\/3gsolutions.com.mx\/index.php?rest_route=\/wp\/v2\/pages\/454\/revisions"}],"predecessor-version":[{"id":647,"href":"https:\/\/3gsolutions.com.mx\/index.php?rest_route=\/wp\/v2\/pages\/454\/revisions\/647"}],"wp:attachment":[{"href":"https:\/\/3gsolutions.com.mx\/index.php?rest_route=%2Fwp%2Fv2%2Fmedia&parent=454"}],"curies":[{"name":"wp","href":"https:\/\/api.w.org\/{rel}","templated":true}]}}